{"id":24295,"date":"2017-05-13T20:33:36","date_gmt":"2017-05-13T18:33:36","guid":{"rendered":"http:\/\/celinejentzsch.com\/?page_id=24295"},"modified":"2020-02-11T17:06:01","modified_gmt":"2020-02-11T16:06:01","slug":"location-dexpositions","status":"publish","type":"page","link":"http:\/\/celinejentzsch.com\/en\/location-dexpositions\/","title":{"rendered":"EXHIBITION RENTAL"},"content":{"rendered":"<p>Que vous soyez une commune, un festival photo, une association, les expositions suivantes sont en location:<\/p>\n<p>Abstrait<\/p>\n<p>Cachemire<\/p>\n<p>Sfran<\/p>\n<p>Lac Kh\u00f6vsg\u00f6l ext\u00e9rieur et int\u00e9rieur<\/p>\n<p>Tsaatans<\/p>\n<p>Lac Ba\u00efkal<\/p>\n<p>&nbsp;<\/p>\n","protected":false},"excerpt":{"rendered":"<p>Que vous soyez une commune, un festival photo, une association, les expositions suivantes sont en location: Abstrait Cachemire Sfran Lac Kh\u00f6vsg\u00f6l ext\u00e9rieur et int\u00e9rieur Tsaatans Lac Ba\u00efkal &nbsp;<\/p>\n","protected":false},"author":2,"featured_media":20931,"parent":0,"menu_order":0,"comment_status":"closed","ping_status":"closed","template":"","meta":{"footnotes":""},"_links":{"self":[{"href":"http:\/\/celinejentzsch.com\/en\/wp-json\/wp\/v2\/pages\/24295"}],"collection":[{"href":"http:\/\/celinejentzsch.com\/en\/wp-json\/wp\/v2\/pages"}],"about":[{"href":"http:\/\/celinejentzsch.com\/en\/wp-json\/wp\/v2\/types\/page"}],"author":[{"embeddable":true,"href":"http:\/\/celinejentzsch.com\/en\/wp-json\/wp\/v2\/users\/2"}],"replies":[{"embeddable":true,"href":"http:\/\/celinejentzsch.com\/en\/wp-json\/wp\/v2\/comments?post=24295"}],"version-history":[{"count":8,"href":"http:\/\/celinejentzsch.com\/en\/wp-json\/wp\/v2\/pages\/24295\/revisions"}],"predecessor-version":[{"id":24484,"href":"http:\/\/celinejentzsch.com\/en\/wp-json\/wp\/v2\/pages\/24295\/revisions\/24484"}],"wp:featuredmedia":[{"embeddable":true,"href":"http:\/\/celinejentzsch.com\/en\/wp-json\/wp\/v2\/media\/20931"}],"wp:attachment":[{"href":"http:\/\/celinejentzsch.com\/en\/wp-json\/wp\/v2\/media?parent=24295"}],"curies":[{"name":"wp","href":"https:\/\/api.w.org\/{rel}","templated":true}]}}